{"id":72,"date":"2013-06-18T16:52:38","date_gmt":"2013-06-18T16:52:38","guid":{"rendered":"http:\/\/estudiofrenesi.com.ar\/blog\/?page_id=72"},"modified":"2025-06-02T12:26:29","modified_gmt":"2025-06-02T15:26:29","slug":"perfil","status":"publish","type":"page","link":"https:\/\/estudiofrenesi.com.ar\/dev\/es\/perfil\/","title":{"rendered":"Perfil"},"content":{"rendered":"\n<div style=\"height:39px\" aria-hidden=\"true\" class=\"wp-block-spacer\"><\/div>\n\n\n\n<h2 class=\"wp-block-heading alignwide\" id=\"we-re-a-studio-in-berlin-with-an-international-practice-in-architecture-urban-planning-and-interior-design-we-believe-in-sharing-knowledge-and-promoting-dialogue-to-increase-the-creative-potential-of-collaboration\" style=\"font-size:48px;line-height:1.1\"><strong>Jonathan Rikles<\/strong><\/h2>\n\n\n<p style=\"margin-top: 30px;\">Soy Dise\u00f1ador Gr\u00e1fico egresado de la UBA en el 2006. Me encanta Dise\u00f1ar, es lo que eleg\u00ed estudiar y lo que me encanta hacer. Me gusta la simpleza, la s\u00edntesis y la prolijidad. Siempre cumplo con los tiempos pactados y soy muy responsable a la hora de encarar cada proyecto.<\/p>\n<p>Me dedico al Dise\u00f1o y Maquetado de sitios Web y a todo tipo de Dise\u00f1o Impreso.<\/p>\n<p style=\"margin-top: 40px; text-transform: uppercase; color: #333333;\">Me especializo en Dise\u00f1o y Maquetado de Sitios web<\/p>\n<p style=\"margin-top: 30px; text-transform: uppercase; color: #333333;\">Programas que m\u00e1s utilizo<\/p>\n<p style=\"margin-left: 19px;\">\u00bb Maquetado de sitios Web: Visual Studio Code, PHP Storm, Web Storm (HTML, CSS, Sass, jQuery, Javascript, PHP) \/ WordPress.<\/p>\n<p style=\"margin-left: 19px;\">\u00bb Dise\u00f1o de sitios Web: Figma, Photoshop.<\/p>\n<p><!--\n\n\n\n\n\n\n\n\n<p style=\"margin-top: 30px; text-transform: uppercase;\"><strong>Conocimientos de software y programaci\u00f3n<\/strong><\/p>\n\n\n\n\n\n\n\n\n\n\n\n\n\n\n\n\n\n<ul style=\"list-style: none outside none; margin: 0 0 0 19px;\">\n \t\n\n\n\n\n\n\n\n<li>\u00bb Atom<\/li>\n\n\n\n\n\n\n\n\n \t\n\n\n\n\n\n\n\n<li>\u00bb Brackets<\/li>\n\n\n\n\n\n\n\n\n \t\n\n\n\n\n\n\n\n<li>\u00bb WordPress<\/li>\n\n\n\n\n\n\n\n\n \t\n\n\n\n\n\n\n\n<li>\u00bb HTML, XHTML, HTML 5<\/li>\n\n\n\n\n\n\n\n\n \t\n\n\n\n\n\n\n\n<li>\u00bb CSS2, CSS3<\/li>\n\n\n\n\n\n\n\n\n \t\n\n\n\n\n\n\n\n<li>\u00bb Javascript<\/li>\n\n\n\n\n\n\n\n\n \t\n\n\n\n\n\n\n\n<li>\u00bb jQuery<\/li>\n\n\n\n\n\n\n\n\n \t\n\n\n\n\n\n\n\n<li>\u00bb PHP<\/li>\n\n\n\n\n\n\n\n\n \t\n\n\n\n\n\n\n\n<li>\u00bb Maquetaci\u00f3n con DIV's<\/li>\n\n\n\n\n\n\n\n\n \t\n\n\n\n\n\n\n\n<li>\u00bb Responsive Web Design<\/li>\n\n\n\n\n\n\n\n\n \t\n\n\n\n\n\n\n\n<li>\u00bb Adobe Photoshop CC<\/li>\n\n\n\n\n\n\n\n\n \t\n\n\n\n\n\n\n\n<li>\u00bb Adobe Illustrator CC<\/li>\n\n\n\n\n\n\n\n\n \t\n\n\n\n\n\n\n\n<li>\u00bb Adobe Dreamweaver CC<\/li>\n\n\n\n\n\n\n\n\n \t\n\n\n\n\n\n\n\n<li>\u00bb Adobe Indesign CS6<\/li>\n\n\n\n\n\n\n\n\n \t\n\n\n\n\n\n\n\n<li>\u00bb Adobe Fireworks CS6<\/li>\n\n\n\n\n\n\n\n\n \t\n\n\n\n\n\n\n\n<li>\u00bb Adobe Flash CS6<\/li>\n\n\n\n\n\n\n\n\n \t\n\n\n\n\n\n\n\n<li>\u00bb Corel Draw X5<\/li>\n\n\n\n\n\n\n\n\n<\/ul>\n\n\n\n\n\n\n\n\n--><\/p>\n<p style=\"margin-top: 30px; text-transform: uppercase; color: #333333;\">Plataformas que utilizo<\/p>\n<p style=\"margin-left: 19px; display: flex;\"><i class=\"fa fa-apple\" style=\"margin: 5px 5px 0 0;\"><\/i> MAC (principalmente)<\/p>\n<p style=\"margin-left: 19px; display: flex;\"><i class=\"fa fa-windows\" style=\"margin: 5px 5px 0 0;\"><\/i> PC<\/p>\n<p style=\"margin: 50px 0 30px 0; font-size: 0.8em;\"><a href=\"https:\/\/estudiofrenesi.com.ar\/dev\/wp-content\/uploads\/2025\/06\/CV_Jonathan_Rikles_25.pdf\" target=\"_blank\" rel=\"noopener noreferrer\">Descargar CV completo<\/a><\/p>","protected":false},"excerpt":{"rendered":"<p>Jonathan Rikles Soy Dise\u00f1ador Gr\u00e1fico egresado de la UBA en el 2006. Me encanta Dise\u00f1ar, es lo que eleg\u00ed estudiar y lo que me encanta hacer. Me gusta la simpleza, la s\u00edntesis y la prolijidad. Siempre cumplo con los tiempos pactados y soy muy responsable a la hora de encarar cada proyecto. Me dedico al&hellip;<\/p>\n","protected":false},"author":2,"featured_media":0,"parent":0,"menu_order":0,"comment_status":"closed","ping_status":"closed","template":"","meta":{"footnotes":""},"class_list":["post-72","page","type-page","status-publish","hentry","description-off"],"_links":{"self":[{"href":"https:\/\/estudiofrenesi.com.ar\/dev\/wp-json\/wp\/v2\/pages\/72","targetHints":{"allow":["GET"]}}],"collection":[{"href":"https:\/\/estudiofrenesi.com.ar\/dev\/wp-json\/wp\/v2\/pages"}],"about":[{"href":"https:\/\/estudiofrenesi.com.ar\/dev\/wp-json\/wp\/v2\/types\/page"}],"author":[{"embeddable":true,"href":"https:\/\/estudiofrenesi.com.ar\/dev\/wp-json\/wp\/v2\/users\/2"}],"replies":[{"embeddable":true,"href":"https:\/\/estudiofrenesi.com.ar\/dev\/wp-json\/wp\/v2\/comments?post=72"}],"version-history":[{"count":88,"href":"https:\/\/estudiofrenesi.com.ar\/dev\/wp-json\/wp\/v2\/pages\/72\/revisions"}],"predecessor-version":[{"id":938,"href":"https:\/\/estudiofrenesi.com.ar\/dev\/wp-json\/wp\/v2\/pages\/72\/revisions\/938"}],"wp:attachment":[{"href":"https:\/\/estudiofrenesi.com.ar\/dev\/wp-json\/wp\/v2\/media?parent=72"}],"curies":[{"name":"wp","href":"https:\/\/api.w.org\/{rel}","templated":true}]}}